{"id":31112,"date":"2023-12-19T12:43:42","date_gmt":"2023-12-19T11:43:42","guid":{"rendered":"https:\/\/isocrates.org\/?page_id=31112"},"modified":"2023-12-20T17:34:37","modified_gmt":"2023-12-20T16:34:37","slug":"medias","status":"publish","type":"page","link":"https:\/\/isocrates.org\/fr\/medias\/","title":{"rendered":"M\u00e9dias"},"content":{"rendered":"<p>[et_pb_section fb_built=\u201c1\u201d admin_label=\u201csection\u201d _builder_version=\u201c4.23\u201d global_colors_info=\u201d{}\u201d][et_pb_row admin_label=\u201crow\u201d _builder_version=\u201c4.16\u201d background_size=\u201cinitial\u201d background_position=\u201ctop_left\u201d background_repeat=\u201crepeat\u201d global_colors_info=\u201d{}\u201d][et_pb_column type=\u201c4_4\u201d _builder_version=\u201c4.16\u201d custom_padding=\u201d|||\u201d global_colors_info=\u201d{}\u201d custom_padding__hover=\u201d|||\u201d][et_pb_text admin_label=\u201cText\u201d _builder_version=\u201c4.23\u201d background_size=\u201cinitial\u201d background_position=\u201ctop_left\u201d background_repeat=\u201crepeat\u201d global_colors_info=\u201d{}\u201d]<\/p>\n<h1>M\u00e9dias<\/h1>\n<p>[\/et_pb_text][et_pb_text admin_label=\u201cText\u201d _builder_version=\u201c4.23\u201d background_size=\u201cinitial\u201d background_position=\u201ctop_left\u201d background_repeat=\u201crepeat\u201d custom_padding=\u201d||30px||false|false\u201d global_colors_info=\u201d{}\u201d]<\/p>\n<h3>D\u00e9claration du 19 d\u00e9cembre 2023<\/h3>\n<div>\n<div class=\"WordSection1\">\n<div class=\"WordSection1\">\n<div class=\"WordSection1\">&nbsp;<\/div>\n<div class=\"WordSection1\">\n<blockquote>\n<div class=\"WordSection1\">En r\u00e9ac\u00adtion aux arti\u00adcles de presse parus dans le Blick et La Tri\u00adbune de Gen\u00e8ve les 15 et 16 d\u00e9cem\u00adbre 2023, la Fon\u00adda\u00adtion Isocrate con\u00addamne vigoureuse\u00adment toute all\u00e9\u00adga\u00adtion ou insin\u00adu\u00ada\u00adtion rel\u00ada\u00adtives \u00e0 la sph\u00e8re priv\u00e9e des per\u00adson\u00adnes cit\u00e9es. La Fon\u00adda\u00adtion se dis\u00adtan\u00adcie fer\u00adme\u00adment du con\u00adtenu de ces arti\u00adcles et s\u2019abstiendra de tout com\u00admen\u00adtaire \u00e0 leur sujet.<\/div>\n<\/blockquote>\n<\/div>\n<\/div>\n<div class=\"WordSection1\">\n<div>&nbsp;<\/div>\n<\/div>\n<\/div>\n<\/div>\n<p>[\/et_pb_text][et_pb_text admin_label=\u201cText\u201d _builder_version=\u201c4.23\u201d background_size=\u201cinitial\u201d background_position=\u201ctop_left\u201d background_repeat=\u201crepeat\u201d custom_padding=\u201d||30px||false|false\u201d global_colors_info=\u201d{}\u201d]<\/p>\n<h3>D\u00e9claration du 1er d\u00e9cembre 2023<\/h3>\n<div>\n<div class=\"WordSection1\">\n<div class=\"WordSection1\">\n<div class=\"WordSection1\">\n<blockquote>\n<div class=\"WordSection1\">\n<p>En r\u00e9ac\u00adtion \u00e0 la cou\u00adver\u00adture m\u00e9di\u00ada\u00adtique ini\u00adti\u00e9e par la pub\u00adli\u00adca\u00adtion d\u2019un arti\u00adcle de presse dans 24 heures et La Tri\u00adbune de Gen\u00e8ve le 1er d\u00e9cem\u00adbre 2023, la Fon\u00adda\u00adtion Isocrate tient \u00e0 pr\u00e9\u00adcis\u00ader ce qui suit.<\/p>\n<p>La fon\u00adda\u00adtion phil\u00adan\u00adthropique de M. Nico\u00adlas Puech a \u00e9t\u00e9 cr\u00e9\u00e9e \u00e0 son ini\u00adtia\u00adtive et inscrite au reg\u00adistre du com\u00admerce valaisan le 26 ao\u00fbt 2011. La fon\u00adda\u00adtion est li\u00e9e \u00e0 son fon\u00adda\u00adteur au tra\u00advers d\u2019un pacte suc\u00adces\u00adso\u00adral sign\u00e9 devant notaire en sep\u00adtem\u00adbre 2011. (\u2026)<\/p>\n<\/div>\n<\/blockquote>\n<div class=\"WordSection1\"><strong><a href=\"https:\/\/isocrates.org\/wp-content\/uploads\/Statement-1er-decembre-FR.pdf\" target=\"_blank\" rel=\"noopener\">D\u00e9c\u00adla\u00adra\u00adtion com\u00adpl\u00e8te<\/a><\/strong><\/div>\n<\/div>\n<div class=\"WordSection1\"><\/div>\n<\/div>\n<div class=\"WordSection1\">\n<div><\/div>\n<\/div>\n<\/div>\n<\/div>\n<p>[\/et_pb_text][et_pb_text admin_label=\u201cText\u201d _builder_version=\u201c4.23\u201d background_size=\u201cinitial\u201d background_position=\u201ctop_left\u201d background_repeat=\u201crepeat\u201d custom_padding=\u201d||30px||false|false\u201d global_colors_info=\u201d{}\u201d]<\/p>\n<h3>D\u00e9claration du 21 novembre 2023<\/h3>\n<div>\n<div class=\"WordSection1\">\n<div class=\"WordSection1\">\n<div class=\"WordSection1\">\n<blockquote>\n<div class=\"WordSection1\">En date du 21 novem\u00adbre 2023, la Fon\u00adda\u00adtion Isocrate a infor\u00adm\u00e9 ses b\u00e9n\u00e9\u00adfi\u00adci\u00adaires et parte\u00adnaires qu\u2019elle n\u2019est, jusqu\u2019\u00e0 nou\u00adv\u00adel ordre, plus en mesure de traiter de nou\u00advelles deman\u00addes de finance\u00adment. La fon\u00adda\u00adtion m\u00e8n\u00adera \u00e0 bien les pro\u00adjets sur lesquels elle s\u2019est d\u00e9j\u00e0 engag\u00e9e. Tous les con\u00adtrats de parte\u00adnar\u00adi\u00adat exis\u00adtants seront donc hon\u00ador\u00e9s.<\/div>\n<\/blockquote>\n<\/div>\n<\/div>\n<\/div>\n<\/div>\n<p>[\/et_pb_text][\/et_pb_column][\/et_pb_row][et_pb_row admin_label=\u201crow\u201d _builder_version=\u201c4.23\u201d background_color=\u201d#eaeaea\u201d background_size=\u201cinitial\u201d background_position=\u201ctop_left\u201d background_repeat=\u201crepeat\u201d custom_margin=\u201d||||false|false\u201d custom_padding=\u201c50px|50px|50px|50px|true|false\u201d global_colors_info=\u201d{}\u201d][et_pb_column type=\u201c4_4\u201d _builder_version=\u201c4.16\u201d custom_padding=\u201d|||\u201d global_colors_info=\u201d{}\u201d custom_padding__hover=\u201d|||\u201d][et_pb_text _builder_version=\u201c4.23\u201d _module_preset=\u201cdefault\u201d global_colors_info=\u201d{}\u201d]<\/p>\n<p><strong>Con\u00adtact m\u00e9dias<br><\/strong><strong><a href=\"mailto:media@isocrates.org\">media@isocrates.org<\/a><\/strong><\/p>\n<p>[\/et_pb_text][\/et_pb_column][\/et_pb_row][\/et_pb_section]<\/p>\n","protected":false},"excerpt":{"rendered":"<p>M\u00e9di\u00adas\u00adD\u00e9c\u00adla\u00adra\u00adtion du 19 d\u00e9cem\u00adbre 2023 &nbsp; En r\u00e9ac\u00adtion aux arti\u00adcles de presse parus dans le Blick et La Tri\u00adbune de Gen\u00e8ve les 15 et 16 d\u00e9cem\u00adbre 2023, la Fon\u00adda\u00adtion Isocrate con\u00addamne vigoureuse\u00adment toute all\u00e9\u00adga\u00adtion ou insin\u00adu\u00ada\u00adtion rel\u00ada\u00adtives \u00e0 la sph\u00e8re priv\u00e9e des per\u00adson\u00adnes cit\u00e9es. La Fon\u00adda\u00adtion se dis\u00adtan\u00adcie fer\u00adme\u00adment du con\u00adtenu de ces arti\u00adcles et [\u2026]<\/p>\n","protected":false},"author":1,"featured_media":0,"parent":0,"menu_order":0,"comment_status":"closed","ping_status":"closed","template":"","meta":{"_et_pb_use_builder":"on","_et_pb_old_content":"","_et_gb_content_width":"","inline_featured_image":false,"wp_typography_post_enhancements_disabled":false,"footnotes":""},"class_list":["post-31112","page","type-page","status-publish","hentry"],"yoast_head":"<!-- This site is optimized with the Yoast SEO plugin v27.3 - https:\/\/yoast.com\/product\/yoast-seo-wordpress\/ -->\n<title>M\u00e9dias - Isocrates Foundation<\/title>\n<meta name=\"robots\" content=\"index, follow, max-snippet:-1, max-image-preview:large, max-video-preview:-1\" \/>\n<link rel=\"canonical\" href=\"https:\/\/isocrates.org\/fr\/medias\/\" \/>\n<meta property=\"og:locale\" content=\"fr_FR\" \/>\n<meta property=\"og:type\" content=\"article\" \/>\n<meta property=\"og:title\" content=\"M\u00e9dias - Isocrates Foundation\" \/>\n<meta property=\"og:description\" content=\"M\u00e9diasD\u00e9claration du 19 d\u00e9cembre 2023 \u00a0 En r\u00e9action aux articles de presse parus dans le Blick et La Tribune de Gen\u00e8ve les 15 et 16 d\u00e9cembre 2023, la Fondation Isocrate condamne vigoureusement toute all\u00e9gation ou insinuation relatives \u00e0 la sph\u00e8re priv\u00e9e des personnes cit\u00e9es. La Fondation se distancie fermement du contenu de ces articles et [&hellip;]\" \/>\n<meta property=\"og:url\" content=\"https:\/\/isocrates.org\/fr\/medias\/\" \/>\n<meta property=\"og:site_name\" content=\"Isocrates Foundation\" \/>\n<meta property=\"article:modified_time\" content=\"2023-12-20T16:34:37+00:00\" \/>\n<meta name=\"twitter:card\" content=\"summary_large_image\" \/>\n<meta name=\"twitter:label1\" content=\"Dur\u00e9e de lecture estim\u00e9e\" \/>\n\t<meta name=\"twitter:data1\" content=\"6 minutes\" \/>\n<script type=\"application\/ld+json\" class=\"yoast-schema-graph\">{\"@context\":\"https:\\\/\\\/schema.org\",\"@graph\":[{\"@type\":\"WebPage\",\"@id\":\"https:\\\/\\\/isocrates.org\\\/fr\\\/medias\\\/\",\"url\":\"https:\\\/\\\/isocrates.org\\\/fr\\\/medias\\\/\",\"name\":\"M\u00e9dias - Isocrates Foundation\",\"isPartOf\":{\"@id\":\"https:\\\/\\\/isocrates.org\\\/#website\"},\"datePublished\":\"2023-12-19T11:43:42+00:00\",\"dateModified\":\"2023-12-20T16:34:37+00:00\",\"breadcrumb\":{\"@id\":\"https:\\\/\\\/isocrates.org\\\/fr\\\/medias\\\/#breadcrumb\"},\"inLanguage\":\"fr-FR\",\"potentialAction\":[{\"@type\":\"ReadAction\",\"target\":[\"https:\\\/\\\/isocrates.org\\\/fr\\\/medias\\\/\"]}]},{\"@type\":\"BreadcrumbList\",\"@id\":\"https:\\\/\\\/isocrates.org\\\/fr\\\/medias\\\/#breadcrumb\",\"itemListElement\":[{\"@type\":\"ListItem\",\"position\":1,\"name\":\"Accueil\",\"item\":\"https:\\\/\\\/isocrates.org\\\/fr\\\/\"},{\"@type\":\"ListItem\",\"position\":2,\"name\":\"M\u00e9dias\"}]},{\"@type\":\"WebSite\",\"@id\":\"https:\\\/\\\/isocrates.org\\\/#website\",\"url\":\"https:\\\/\\\/isocrates.org\\\/\",\"name\":\"Foundation Isocrates\",\"description\":\"The Isocrates Foundation is an independent philanthropic foundation, dedicated to the protection and promotion of public debate\",\"publisher\":{\"@id\":\"https:\\\/\\\/isocrates.org\\\/#organization\"},\"potentialAction\":[{\"@type\":\"SearchAction\",\"target\":{\"@type\":\"EntryPoint\",\"urlTemplate\":\"https:\\\/\\\/isocrates.org\\\/?s={search_term_string}\"},\"query-input\":{\"@type\":\"PropertyValueSpecification\",\"valueRequired\":true,\"valueName\":\"search_term_string\"}}],\"inLanguage\":\"fr-FR\"},{\"@type\":\"Organization\",\"@id\":\"https:\\\/\\\/isocrates.org\\\/#organization\",\"name\":\"Foundation Isocrates\",\"url\":\"https:\\\/\\\/isocrates.org\\\/\",\"logo\":{\"@type\":\"ImageObject\",\"inLanguage\":\"fr-FR\",\"@id\":\"https:\\\/\\\/isocrates.org\\\/#\\\/schema\\\/logo\\\/image\\\/\",\"url\":\"https:\\\/\\\/isocrates.org\\\/wp-content\\\/uploads\\\/2023\\\/05\\\/fondation-isocrate-logo.svg\",\"contentUrl\":\"https:\\\/\\\/isocrates.org\\\/wp-content\\\/uploads\\\/2023\\\/05\\\/fondation-isocrate-logo.svg\",\"width\":\"1024\",\"height\":\"1024\",\"caption\":\"Foundation Isocrates\"},\"image\":{\"@id\":\"https:\\\/\\\/isocrates.org\\\/#\\\/schema\\\/logo\\\/image\\\/\"}}]}<\/script>\n<!-- \/ Yoast SEO plugin. -->","yoast_head_json":{"title":"M\u00e9dias - Isocrates Foundation","robots":{"index":"index","follow":"follow","max-snippet":"max-snippet:-1","max-image-preview":"max-image-preview:large","max-video-preview":"max-video-preview:-1"},"canonical":"https:\/\/isocrates.org\/fr\/medias\/","og_locale":"fr_FR","og_type":"article","og_title":"M\u00e9dias - Isocrates Foundation","og_description":"M\u00e9diasD\u00e9claration du 19 d\u00e9cembre 2023 \u00a0 En r\u00e9action aux articles de presse parus dans le Blick et La Tribune de Gen\u00e8ve les 15 et 16 d\u00e9cembre 2023, la Fondation Isocrate condamne vigoureusement toute all\u00e9gation ou insinuation relatives \u00e0 la sph\u00e8re priv\u00e9e des personnes cit\u00e9es. La Fondation se distancie fermement du contenu de ces articles et [&hellip;]","og_url":"https:\/\/isocrates.org\/fr\/medias\/","og_site_name":"Isocrates Foundation","article_modified_time":"2023-12-20T16:34:37+00:00","twitter_card":"summary_large_image","twitter_misc":{"Dur\u00e9e de lecture estim\u00e9e":"6 minutes"},"schema":{"@context":"https:\/\/schema.org","@graph":[{"@type":"WebPage","@id":"https:\/\/isocrates.org\/fr\/medias\/","url":"https:\/\/isocrates.org\/fr\/medias\/","name":"M\u00e9dias - Isocrates Foundation","isPartOf":{"@id":"https:\/\/isocrates.org\/#website"},"datePublished":"2023-12-19T11:43:42+00:00","dateModified":"2023-12-20T16:34:37+00:00","breadcrumb":{"@id":"https:\/\/isocrates.org\/fr\/medias\/#breadcrumb"},"inLanguage":"fr-FR","potentialAction":[{"@type":"ReadAction","target":["https:\/\/isocrates.org\/fr\/medias\/"]}]},{"@type":"BreadcrumbList","@id":"https:\/\/isocrates.org\/fr\/medias\/#breadcrumb","itemListElement":[{"@type":"ListItem","position":1,"name":"Accueil","item":"https:\/\/isocrates.org\/fr\/"},{"@type":"ListItem","position":2,"name":"M\u00e9dias"}]},{"@type":"WebSite","@id":"https:\/\/isocrates.org\/#website","url":"https:\/\/isocrates.org\/","name":"Foundation Isocrates","description":"The Isocrates Foundation is an independent philanthropic foundation, dedicated to the protection and promotion of public debate","publisher":{"@id":"https:\/\/isocrates.org\/#organization"},"potentialAction":[{"@type":"SearchAction","target":{"@type":"EntryPoint","urlTemplate":"https:\/\/isocrates.org\/?s={search_term_string}"},"query-input":{"@type":"PropertyValueSpecification","valueRequired":true,"valueName":"search_term_string"}}],"inLanguage":"fr-FR"},{"@type":"Organization","@id":"https:\/\/isocrates.org\/#organization","name":"Foundation Isocrates","url":"https:\/\/isocrates.org\/","logo":{"@type":"ImageObject","inLanguage":"fr-FR","@id":"https:\/\/isocrates.org\/#\/schema\/logo\/image\/","url":"https:\/\/isocrates.org\/wp-content\/uploads\/2023\/05\/fondation-isocrate-logo.svg","contentUrl":"https:\/\/isocrates.org\/wp-content\/uploads\/2023\/05\/fondation-isocrate-logo.svg","width":"1024","height":"1024","caption":"Foundation Isocrates"},"image":{"@id":"https:\/\/isocrates.org\/#\/schema\/logo\/image\/"}}]}},"_links":{"self":[{"href":"https:\/\/isocrates.org\/fr\/wp-json\/wp\/v2\/pages\/31112","targetHints":{"allow":["GET"]}}],"collection":[{"href":"https:\/\/isocrates.org\/fr\/wp-json\/wp\/v2\/pages"}],"about":[{"href":"https:\/\/isocrates.org\/fr\/wp-json\/wp\/v2\/types\/page"}],"author":[{"embeddable":true,"href":"https:\/\/isocrates.org\/fr\/wp-json\/wp\/v2\/users\/1"}],"replies":[{"embeddable":true,"href":"https:\/\/isocrates.org\/fr\/wp-json\/wp\/v2\/comments?post=31112"}],"version-history":[{"count":25,"href":"https:\/\/isocrates.org\/fr\/wp-json\/wp\/v2\/pages\/31112\/revisions"}],"predecessor-version":[{"id":31170,"href":"https:\/\/isocrates.org\/fr\/wp-json\/wp\/v2\/pages\/31112\/revisions\/31170"}],"wp:attachment":[{"href":"https:\/\/isocrates.org\/fr\/wp-json\/wp\/v2\/media?parent=31112"}],"curies":[{"name":"wp","href":"https:\/\/api.w.org\/{rel}","templated":true}]}}