{"id":30419,"date":"2023-10-23T11:47:07","date_gmt":"2023-10-23T09:47:07","guid":{"rendered":"https:\/\/isocrates.org\/?page_id=30419"},"modified":"2023-11-09T12:09:09","modified_gmt":"2023-11-09T11:09:09","slug":"engagement-exceptionnel","status":"publish","type":"page","link":"https:\/\/isocrates.org\/fr\/engagement-exceptionnel\/","title":{"rendered":"Engagement Exceptionnel"},"content":{"rendered":"<p>[et_pb_section fb_built=\u201c1\u201d _builder_version=\u201c4.21.0\u201d _module_preset=\u201cdefault\u201d custom_margin_tablet=\u201d-40px||||false|false\u201d custom_margin_phone=\u201d-60px||||false|false\u201d custom_margin_last_edited=\u201con|phone\u201d global_colors_info=\u201d{}\u201d][et_pb_row column_structure=\u201c2_5,3_5\u201d _builder_version=\u201c4.21.0\u201d _module_preset=\u201cdefault\u201d global_colors_info=\u201d{}\u201d][et_pb_column type=\u201c2_5\u201d _builder_version=\u201c4.21.0\u201d _module_preset=\u201cdefault\u201d global_colors_info=\u201d{}\u201d][et_pb_text _builder_version=\u201c4.21.0\u201d _module_preset=\u201cdefault\u201d global_colors_info=\u201d{}\u201d]<\/p>\n<h4>Engagement Exceptionnel<\/h4>\n<p>[\/et_pb_text][\/et_pb_column][et_pb_column type=\u201c3_5\u201d _builder_version=\u201c4.21.0\u201d _module_preset=\u201cdefault\u201d global_colors_info=\u201d{}\u201d][et_pb_text _builder_version=\u201c4.21.0\u201d _module_preset=\u201cdefault\u201d custom_margin_tablet=\u201d-35px||||false|false\u201d custom_margin_phone=\u201d-35px||||false|false\u201d custom_margin_last_edited=\u201con|tablet\u201d global_colors_info=\u201d{}\u201d]<\/p>\n<h1>C\u00e9l\u00e9brer l\u2019engagement pour le bien commun&nbsp;<\/h1>\n<p>[\/et_pb_text][\/et_pb_column][\/et_pb_row][et_pb_row column_structure=\u201c2_5,3_5\u201d _builder_version=\u201c4.21.0\u201d _module_preset=\u201cdefault\u201d locked=\u201coff\u201d global_colors_info=\u201d{}\u201d][et_pb_column type=\u201c2_5\u201d _builder_version=\u201c4.21.0\u201d _module_preset=\u201cdefault\u201d global_colors_info=\u201d{}\u201d][et_pb_image src=\u201chttps:\/\/isocrates.org\/wp-content\/uploads\/2023\/05\/fondation-isocrate-exceptional-engagement.jpg\u201d alt=\u201cEngagement Excep\u00adtion\u00adnel\u201d title_text=\u201cfondation-isocrate-exceptional-engagement\u201d _builder_version=\u201c4.21.0\u201d _module_preset=\u201cdefault\u201d custom_margin_tablet=\u201d-30px||||false|false\u201d custom_margin_phone=\u201d-50px||||false|false\u201d custom_margin_last_edited=\u201con|phone\u201d global_colors_info=\u201d{}\u201d][\/et_pb_image][\/et_pb_column][et_pb_column type=\u201c3_5\u201d _builder_version=\u201c4.21.0\u201d _module_preset=\u201cdefault\u201d global_colors_info=\u201d{}\u201d][et_pb_text _builder_version=\u201c4.21.0\u201d _module_preset=\u201cdefault\u201d custom_margin_tablet=\u201d\u201d custom_margin_phone=\u201d\u201d custom_margin_last_edited=\u201con|tablet\u201d global_colors_info=\u201d{}\u201d]<\/p>\n<p><strong>A tra\u00advers notre pro\u00adgramme d\u2019en\u00adgage\u00adment excep\u00adtion\u00adnel, notre objec\u00adtif est de met\u00adtre \u00e0 l\u2019honneur des indi\u00advidus courageux et engag\u00e9s qui con\u00adtribuent de mani\u00e8re sig\u00adni\u00adfica\u00adtive, mais sou\u00advent avec dis\u00adcr\u00e9\u00adtion, au bien com\u00admun. <\/strong><\/p>\n<p>[\/et_pb_text][et_pb_text _builder_version=\u201c4.23\u201d _module_preset=\u201cdefault\u201d hover_enabled=\u201c0\u201d global_colors_info=\u201d{}\u201d sticky_enabled=\u201c0\u201d]<\/p>\n<p>La Fon\u00adda\u00adtion sou\u00adtient des ini\u00adtia\u00adtives port\u00e9es par des per\u00adson\u00adnes hors du com\u00admun qui pos\u00ads\u00e8\u00addent les qual\u00adit\u00e9s suiv\u00adantes:<\/p>\n<ul>\n<li>Un engage\u00adment excep\u00adtion\u00adnel en faveur de l\u2019in\u00adt\u00e9r\u00eat g\u00e9n\u00e9ral;<\/li>\n<li>Une exper\u00adtise unique dans la zone g\u00e9o\u00adgraphique con\u00adcern\u00e9e;<\/li>\n<li>Une con\u00adtri\u00adbu\u00adtion per\u00adson\u00adnelle extra\u00ador\u00addi\u00adnaire en ter\u00admes de temps ou de ressources.<\/li>\n<\/ul>\n<p>Les indi\u00advidus qui r\u00e9u\u00adnis\u00adsent ces qual\u00adit\u00e9s ont sou\u00advent l\u2019habitude de tra\u00advailler dans l\u2019om\u00adbre. Par con\u00ads\u00e9quent, ils peu\u00advent \u00eatre dif\u00adfi\u00adciles \u00e0 iden\u00adti\u00adfi\u00ader et ne re\u00e7oivent pas tou\u00adjours le sou\u00adtien qu\u2019ils m\u00e9ri\u00adtent. C\u2019est pourquoi la Fon\u00adda\u00adtion encour\u00adage vive\u00adment les nom\u00adi\u00adna\u00adtions de per\u00adson\u00adnes excep\u00adtion\u00adnelles qui pour\u00adraient b\u00e9n\u00e9\u00adfici\u00ader d\u2019une sub\u00adven\u00adtion.<\/p>\n<p>Les infor\u00adma\u00adtions fournies doivent per\u00adme\u00adt\u00adtre \u00e0 la Fon\u00adda\u00adtion de cor\u00adro\u00adbor\u00ader, par des t\u00e9moignages factuels provenant de sources mul\u00adti\u00adples, que la per\u00adson\u00adne en ques\u00adtion cumule effec\u00adtive\u00adment l\u2019ensemble de ces car\u00adac\u00adt\u00e9ris\u00adtiques. Pour que le proces\u00adsus de s\u00e9lec\u00adtion puisse avancer, la Fon\u00adda\u00adtion doit \u00e9gale\u00adment \u00eatre en mesure de con\u00adtac\u00adter facile\u00adment plusieurs r\u00e9f\u00e9rences ind\u00e9pen\u00addantes et recon\u00adnues au niveau local et\/ou inter\u00adna\u00adtion\u00adal.<\/p>\n<p>Il con\u00advient de not\u00ader que la Fon\u00adda\u00adtion octroie tou\u00adjours des sub\u00adven\u00adtions aux organ\u00adi\u00adsa\u00adtions ou aux pro\u00adjets et non directe\u00adment aux indi\u00advidus qui les ont fond\u00e9es ou qui les diri\u00adgent. La Fon\u00adda\u00adtion s\u2019ef\u00adforce de soutenir au moins une nou\u00advelle ini\u00adtia\u00adtive de ce type chaque ann\u00e9e.<\/p>\n<p>[\/et_pb_text][et_pb_text _builder_version=\u201c4.23\u201d _module_preset=\u201cdefault\u201d hover_enabled=\u201c0\u201d global_colors_info=\u201d{}\u201d sticky_enabled=\u201c0\u201d custom_margin=\u201c0px||||false|false\u201d custom_padding=\u201c0px||||false|false\u201d]<\/p>\n<p style=\"font-weight: 400;\"><strong>D\u00e9cou\u00advrez nos autres pro\u00adgrammes:<\/strong><\/p>\n<p style=\"font-weight: 400;\">&gt; <strong><a href=\"https:\/\/isocrates.org\/fr\/journalisme-d-interet-public\/\">Jour\u00adnal\u00adisme d\u2019in\u00adt\u00e9r\u00eat pub\u00adlic<\/a><\/strong><br>&gt; <strong><a href=\"https:\/\/isocrates.org\/fr\/espace-public-numerique-responsable\/\">Espace pub\u00adlic num\u00e9rique respon\u00ads\u00adable<\/a><\/strong><\/p>\n<p><strong>&nbsp;<\/strong><\/p>\n<p>[\/et_pb_text][\/et_pb_column][\/et_pb_row][\/et_pb_section][et_pb_section fb_built=\u201c1\u201d _builder_version=\u201c4.21.0\u201d _module_preset=\u201cdefault\u201d background_color=\u201cRGBA(255,255,255,0)\u201d transform_scale_tablet=\u201d\u201d transform_scale_phone=\u201d\u201d transform_scale_last_edited=\u201con|desktop\u201d transform_translate=\u201c0px|50px\u201d transform_translate_tablet=\u201c0px|-25px\u201d transform_translate_phone=\u201c0px|-30px\u201d transform_translate_last_edited=\u201con|phone\u201d transform_translate_linked_tablet=\u201coff\u201d transform_rotate_tablet=\u201d\u201d transform_rotate_phone=\u201d\u201d transform_rotate_last_edited=\u201con|desktop\u201d transform_skew_tablet=\u201d\u201d transform_skew_phone=\u201d\u201d transform_skew_last_edited=\u201con|desktop\u201d transform_origin_tablet=\u201d\u201d transform_origin_phone=\u201d\u201d transform_origin_last_edited=\u201con|desktop\u201d transform_styles_last_edited=\u201con|phone\u201d z_index=\u201c500\u201d custom_padding=\u201c0px||0px||false|false\u201d transform_styles_tablet=\u201d\u201d transform_styles_phone=\u201d\u201d locked=\u201coff\u201d global_colors_info=\u201d{}\u201d][et_pb_row column_structure=\u201c2_5,3_5\u201d _builder_version=\u201c4.21.0\u201d _module_preset=\u201cdefault\u201d global_colors_info=\u201d{}\u201d][et_pb_column type=\u201c2_5\u201d _builder_version=\u201c4.21.0\u201d _module_preset=\u201cdefault\u201d global_colors_info=\u201d{}\u201d][et_pb_text module_class=\u201ctitrecadre\u201d _builder_version=\u201c4.21.0\u201d _module_preset=\u201cdefault\u201d text_font_size=\u201c11px\u201d custom_padding=\u201d||3px||false|false\u201d global_colors_info=\u201d{}\u201d]<\/p>\n<h3>Nos partenaires<\/h3>\n<p>[\/et_pb_text][\/et_pb_column][et_pb_column type=\u201c3_5\u201d _builder_version=\u201c4.21.0\u201d _module_preset=\u201cdefault\u201d global_colors_info=\u201d{}\u201d][\/et_pb_column][\/et_pb_row][\/et_pb_section][et_pb_section fb_built=\u201c1\u201d _builder_version=\u201c4.21.0\u201d _module_preset=\u201cdefault\u201d background_color=\u201d#eaeaea\u201d custom_margin=\u201c0px||0px||false|false\u201d custom_margin_tablet=\u201d-120px||0px||false|false\u201d custom_margin_phone=\u201d-120px||||false|false\u201d custom_margin_last_edited=\u201con|tablet\u201d custom_padding=\u201d|14px||||\u201d locked=\u201coff\u201d global_colors_info=\u201d{}\u201d height__hover_enabled=\u201con|desktop\u201d][et_pb_row column_structure=\u201c4_4,1_3,1_3\u201d _builder_version=\u201c4.21.0\u201d _module_preset=\u201cdefault\u201d background_color=\u201cRGBA(255,255,255,0)\u201d module_alignment=\u201ccenter\u201d custom_margin=\u201c30px||70px||false|false\u201d custom_margin_tablet=\u201d||0px||false|false\u201d custom_margin_phone=\u201d||0px||false|false\u201d custom_margin_last_edited=\u201con|tablet\u201d saved_tabs=\u201call\u201d global_colors_info=\u201d{}\u201d][et_pb_column type=\u201c4_4\u201d _builder_version=\u201c4.21.0\u201d _module_preset=\u201cdefault\u201d background_color=\u201cRGBA(255,255,255,0)\u201d global_colors_info=\u201d{}\u201d][dipl_image_card_carousel autoplay=\u201coff\u201d show_control_dot=\u201con\u201d _builder_version=\u201c4.23\u201d _module_preset=\u201cdefault\u201d title_text_align=\u201cleft\u201d background_color=\u201cRGBA(255,255,255,0)\u201d custom_margin=\u201d||||false|false\u201d custom_padding=\u201d||||false|false\u201d global_colors_info=\u201d{}\u201d][dipl_image_card_carousel_item title=\u201cLancement du Prix Benoit Maria pour l\u2019agro\u00e9cologie paysanne\u201d image=\u201chttps:\/\/isocrates.org\/wp-content\/uploads\/2023\/05\/fondation-isocrate-AVSF.png\u201d content_custom_padding=\u201c20px|20px|20px|0px|true|false\u201d _builder_version=\u201c4.23\u201d _module_preset=\u201cdefault\u201d title_level=\u201ch5\u201d title_font=\u201d|600|||||||\u201d title_font_size=\u201c21px\u201d link_option_url=\u201chttps:\/\/isocrates.org\/fr\/nos-partenaires#avsf\u201d link_option_url_new_window=\u201con\u201d global_colors_info=\u201d{}\u201d][\/dipl_image_card_carousel_item][dipl_image_card_carousel_item title=\u201cSoutenir un foy\u00ader et un cen\u00adtre m\u00e9di\u00adco-p\u00e9d\u00ada\u00adgogique pour les enfants domes\u00adtiques mal\u00adtrait\u00e9s en Ha\u00efti.\u201d image=\u201chttps:\/\/isocrates.org\/wp-content\/uploads\/2023\/05\/fondation-isocrate-Anaise.jpg\u201d content_custom_padding=\u201c20px|20px|20px|0px|true|false\u201d _builder_version=\u201c4.23\u201d _module_preset=\u201cdefault\u201d title_level=\u201ch5\u201d title_font=\u201d|600|||||||\u201d title_font_size=\u201c21px\u201d link_option_url=\u201chttps:\/\/isocrates.org\/fr\/nos-partenaires#fondationanaise\u201d global_colors_info=\u201d{}\u201d][\/dipl_image_card_carousel_item][dipl_image_card_carousel_item title=\u201cLutter con\u00adtre l\u2019impunit\u00e9 en R\u00e9publique d\u00e9moc\u00adra\u00adtique du Con\u00adgo\u00adLut\u00adter con\u00adtre l\u2019impunit\u00e9 en R\u00e9publique d\u00e9moc\u00adra\u00adtique du Con\u00adgo\u201d image=\u201chttps:\/\/isocrates.org\/wp-content\/uploads\/2023\/05\/fondation-isocrate-vivere.png\u201d content_custom_padding=\u201c20px|20px|20px|0px|true|false\u201d _builder_version=\u201c4.23\u201d _module_preset=\u201cdefault\u201d title_level=\u201ch5\u201d title_font=\u201d|600|||||||\u201d title_font_size=\u201c21px\u201d link_option_url=\u201chttps:\/\/isocrates.org\/fr\/nos-partenaires#vivere\u201d link_option_url_new_window=\u201con\u201d global_colors_info=\u201d{}\u201d][\/dipl_image_card_carousel_item][\/dipl_image_card_carousel][et_pb_button button_url=\u201d@ET-DC@eyJkeW5hbWljIjp0cnVlLCJjb250ZW50IjoicG9zdF9saW5rX3VybF9wYWdlIiwic2V0dGluZ3MiOnsicG9zdF9pZCI6IjI4OTI3In19@\u201d button_text=\u201cEN SAVOIR PLUS\u201d button_alignment=\u201cright\u201d button_alignment_tablet=\u201ccenter\u201d button_alignment_phone=\u201ccenter\u201d button_alignment_last_edited=\u201con|phone\u201d module_id=\u201cboutontrait\u201d _builder_version=\u201c4.21.0\u201d _dynamic_attributes=\u201cbutton_url\u201d _module_preset=\u201cdefault\u201d custom_margin=\u201d|0px|||false|false\u201d custom_margin_tablet=\u201d-30px||||false|false\u201d custom_margin_phone=\u201d-20px||||false|false\u201d custom_margin_last_edited=\u201con|phone\u201d global_colors_info=\u201d{}\u201d][\/et_pb_button][\/et_pb_column][et_pb_column type=\u201c1_3\u201d _builder_version=\u201c4.21.0\u201d _module_preset=\u201cdefault\u201d background_color=\u201cRGBA(255,255,255,0)\u201d global_colors_info=\u201d{}\u201d][\/et_pb_column][et_pb_column type=\u201c1_3\u201d _builder_version=\u201c4.21.0\u201d _module_preset=\u201cdefault\u201d global_colors_info=\u201d{}\u201d][\/et_pb_column][\/et_pb_row][\/et_pb_section]<\/p>\n","protected":false},"excerpt":{"rendered":"<p>Engage\u00adment Excep\u00adtion\u00adnel\u00adC\u00e9l\u00e9br\u00ader l\u2019en\u00adgage\u00adment pour le bien com\u00admun&nbsp;A tra\u00advers notre pro\u00adgramme d\u2019en\u00adgage\u00adment excep\u00adtion\u00adnel, notre objec\u00adtif est de met\u00adtre \u00e0 l\u2019honneur des indi\u00advidus courageux et engag\u00e9s qui con\u00adtribuent de mani\u00e8re sig\u00adni\u00adfica\u00adtive, mais sou\u00advent avec dis\u00adcr\u00e9\u00adtion, au bien com\u00admun. La Fon\u00adda\u00adtion sou\u00adtient des ini\u00adtia\u00adtives port\u00e9es par des per\u00adson\u00adnes hors du com\u00admun qui pos\u00ads\u00e8\u00addent les qual\u00adit\u00e9s suiv\u00adantes: Un engage\u00adment [\u2026]<\/p>\n","protected":false},"author":1,"featured_media":0,"parent":0,"menu_order":0,"comment_status":"closed","ping_status":"closed","template":"","meta":{"_et_pb_use_builder":"on","_et_pb_old_content":"","_et_gb_content_width":"","inline_featured_image":false,"wp_typography_post_enhancements_disabled":false,"footnotes":""},"class_list":["post-30419","page","type-page","status-publish","hentry"],"yoast_head":"<!-- This site is optimized with the Yoast SEO plugin v27.3 - https:\/\/yoast.com\/product\/yoast-seo-wordpress\/ -->\n<title>Engagement Exceptionnel - C\u00e9l\u00e9brer l&#039;engagement pour le bien commun<\/title>\n<meta name=\"description\" content=\"A travers notre programme d&#039;engagement exceptionnel, notre objectif est de mettre \u00e0 l\u2019honneur des individus courageux et engag\u00e9s qui contribuent de mani\u00e8re significative, mais souvent avec discr\u00e9tion, au bien commun.\" \/>\n<meta name=\"robots\" content=\"index, follow, max-snippet:-1, max-image-preview:large, max-video-preview:-1\" \/>\n<link rel=\"canonical\" href=\"https:\/\/isocrates.org\/exceptional-engagement\/\" \/>\n<meta property=\"og:locale\" content=\"fr_FR\" \/>\n<meta property=\"og:type\" content=\"article\" \/>\n<meta property=\"og:title\" content=\"Engagement Exceptionnel - C\u00e9l\u00e9brer l&#039;engagement pour le bien commun\" \/>\n<meta property=\"og:description\" content=\"A travers notre programme d&#039;engagement exceptionnel, notre objectif est de mettre \u00e0 l\u2019honneur des individus courageux et engag\u00e9s qui contribuent de mani\u00e8re significative, mais souvent avec discr\u00e9tion, au bien commun.\" \/>\n<meta property=\"og:url\" content=\"https:\/\/isocrates.org\/exceptional-engagement\/\" \/>\n<meta property=\"og:site_name\" content=\"Isocrates Foundation\" \/>\n<meta property=\"article:modified_time\" content=\"2023-11-09T11:09:09+00:00\" \/>\n<meta name=\"twitter:card\" content=\"summary_large_image\" \/>\n<meta name=\"twitter:label1\" content=\"Dur\u00e9e de lecture estim\u00e9e\" \/>\n\t<meta name=\"twitter:data1\" content=\"2 minutes\" \/>\n<script type=\"application\/ld+json\" class=\"yoast-schema-graph\">{\"@context\":\"https:\\\/\\\/schema.org\",\"@graph\":[{\"@type\":\"WebPage\",\"@id\":\"https:\\\/\\\/isocrates.org\\\/exceptional-engagement\\\/\",\"url\":\"https:\\\/\\\/isocrates.org\\\/exceptional-engagement\\\/\",\"name\":\"Engagement Exceptionnel - C\u00e9l\u00e9brer l'engagement pour le bien commun\",\"isPartOf\":{\"@id\":\"https:\\\/\\\/isocrates.org\\\/#website\"},\"datePublished\":\"2023-10-23T09:47:07+00:00\",\"dateModified\":\"2023-11-09T11:09:09+00:00\",\"description\":\"A travers notre programme d'engagement exceptionnel, notre objectif est de mettre \u00e0 l\u2019honneur des individus courageux et engag\u00e9s qui contribuent de mani\u00e8re significative, mais souvent avec discr\u00e9tion, au bien commun.\",\"breadcrumb\":{\"@id\":\"https:\\\/\\\/isocrates.org\\\/exceptional-engagement\\\/#breadcrumb\"},\"inLanguage\":\"fr-FR\",\"potentialAction\":[{\"@type\":\"ReadAction\",\"target\":[\"https:\\\/\\\/isocrates.org\\\/exceptional-engagement\\\/\"]}]},{\"@type\":\"BreadcrumbList\",\"@id\":\"https:\\\/\\\/isocrates.org\\\/exceptional-engagement\\\/#breadcrumb\",\"itemListElement\":[{\"@type\":\"ListItem\",\"position\":1,\"name\":\"Accueil\",\"item\":\"https:\\\/\\\/isocrates.org\\\/fr\\\/\"},{\"@type\":\"ListItem\",\"position\":2,\"name\":\"Engagement Exceptionnel\"}]},{\"@type\":\"WebSite\",\"@id\":\"https:\\\/\\\/isocrates.org\\\/#website\",\"url\":\"https:\\\/\\\/isocrates.org\\\/\",\"name\":\"Foundation Isocrates\",\"description\":\"The Isocrates Foundation is an independent philanthropic foundation, dedicated to the protection and promotion of public debate\",\"publisher\":{\"@id\":\"https:\\\/\\\/isocrates.org\\\/#organization\"},\"potentialAction\":[{\"@type\":\"SearchAction\",\"target\":{\"@type\":\"EntryPoint\",\"urlTemplate\":\"https:\\\/\\\/isocrates.org\\\/?s={search_term_string}\"},\"query-input\":{\"@type\":\"PropertyValueSpecification\",\"valueRequired\":true,\"valueName\":\"search_term_string\"}}],\"inLanguage\":\"fr-FR\"},{\"@type\":\"Organization\",\"@id\":\"https:\\\/\\\/isocrates.org\\\/#organization\",\"name\":\"Foundation Isocrates\",\"url\":\"https:\\\/\\\/isocrates.org\\\/\",\"logo\":{\"@type\":\"ImageObject\",\"inLanguage\":\"fr-FR\",\"@id\":\"https:\\\/\\\/isocrates.org\\\/#\\\/schema\\\/logo\\\/image\\\/\",\"url\":\"https:\\\/\\\/isocrates.org\\\/wp-content\\\/uploads\\\/2023\\\/05\\\/fondation-isocrate-logo.svg\",\"contentUrl\":\"https:\\\/\\\/isocrates.org\\\/wp-content\\\/uploads\\\/2023\\\/05\\\/fondation-isocrate-logo.svg\",\"width\":\"1024\",\"height\":\"1024\",\"caption\":\"Foundation Isocrates\"},\"image\":{\"@id\":\"https:\\\/\\\/isocrates.org\\\/#\\\/schema\\\/logo\\\/image\\\/\"}}]}<\/script>\n<!-- \/ Yoast SEO plugin. -->","yoast_head_json":{"title":"Engagement Exceptionnel - C\u00e9l\u00e9brer l'engagement pour le bien commun","description":"A travers notre programme d'engagement exceptionnel, notre objectif est de mettre \u00e0 l\u2019honneur des individus courageux et engag\u00e9s qui contribuent de mani\u00e8re significative, mais souvent avec discr\u00e9tion, au bien commun.","robots":{"index":"index","follow":"follow","max-snippet":"max-snippet:-1","max-image-preview":"max-image-preview:large","max-video-preview":"max-video-preview:-1"},"canonical":"https:\/\/isocrates.org\/exceptional-engagement\/","og_locale":"fr_FR","og_type":"article","og_title":"Engagement Exceptionnel - C\u00e9l\u00e9brer l'engagement pour le bien commun","og_description":"A travers notre programme d'engagement exceptionnel, notre objectif est de mettre \u00e0 l\u2019honneur des individus courageux et engag\u00e9s qui contribuent de mani\u00e8re significative, mais souvent avec discr\u00e9tion, au bien commun.","og_url":"https:\/\/isocrates.org\/exceptional-engagement\/","og_site_name":"Isocrates Foundation","article_modified_time":"2023-11-09T11:09:09+00:00","twitter_card":"summary_large_image","twitter_misc":{"Dur\u00e9e de lecture estim\u00e9e":"2 minutes"},"schema":{"@context":"https:\/\/schema.org","@graph":[{"@type":"WebPage","@id":"https:\/\/isocrates.org\/exceptional-engagement\/","url":"https:\/\/isocrates.org\/exceptional-engagement\/","name":"Engagement Exceptionnel - C\u00e9l\u00e9brer l'engagement pour le bien commun","isPartOf":{"@id":"https:\/\/isocrates.org\/#website"},"datePublished":"2023-10-23T09:47:07+00:00","dateModified":"2023-11-09T11:09:09+00:00","description":"A travers notre programme d'engagement exceptionnel, notre objectif est de mettre \u00e0 l\u2019honneur des individus courageux et engag\u00e9s qui contribuent de mani\u00e8re significative, mais souvent avec discr\u00e9tion, au bien commun.","breadcrumb":{"@id":"https:\/\/isocrates.org\/exceptional-engagement\/#breadcrumb"},"inLanguage":"fr-FR","potentialAction":[{"@type":"ReadAction","target":["https:\/\/isocrates.org\/exceptional-engagement\/"]}]},{"@type":"BreadcrumbList","@id":"https:\/\/isocrates.org\/exceptional-engagement\/#breadcrumb","itemListElement":[{"@type":"ListItem","position":1,"name":"Accueil","item":"https:\/\/isocrates.org\/fr\/"},{"@type":"ListItem","position":2,"name":"Engagement Exceptionnel"}]},{"@type":"WebSite","@id":"https:\/\/isocrates.org\/#website","url":"https:\/\/isocrates.org\/","name":"Foundation Isocrates","description":"The Isocrates Foundation is an independent philanthropic foundation, dedicated to the protection and promotion of public debate","publisher":{"@id":"https:\/\/isocrates.org\/#organization"},"potentialAction":[{"@type":"SearchAction","target":{"@type":"EntryPoint","urlTemplate":"https:\/\/isocrates.org\/?s={search_term_string}"},"query-input":{"@type":"PropertyValueSpecification","valueRequired":true,"valueName":"search_term_string"}}],"inLanguage":"fr-FR"},{"@type":"Organization","@id":"https:\/\/isocrates.org\/#organization","name":"Foundation Isocrates","url":"https:\/\/isocrates.org\/","logo":{"@type":"ImageObject","inLanguage":"fr-FR","@id":"https:\/\/isocrates.org\/#\/schema\/logo\/image\/","url":"https:\/\/isocrates.org\/wp-content\/uploads\/2023\/05\/fondation-isocrate-logo.svg","contentUrl":"https:\/\/isocrates.org\/wp-content\/uploads\/2023\/05\/fondation-isocrate-logo.svg","width":"1024","height":"1024","caption":"Foundation Isocrates"},"image":{"@id":"https:\/\/isocrates.org\/#\/schema\/logo\/image\/"}}]}},"_links":{"self":[{"href":"https:\/\/isocrates.org\/fr\/wp-json\/wp\/v2\/pages\/30419","targetHints":{"allow":["GET"]}}],"collection":[{"href":"https:\/\/isocrates.org\/fr\/wp-json\/wp\/v2\/pages"}],"about":[{"href":"https:\/\/isocrates.org\/fr\/wp-json\/wp\/v2\/types\/page"}],"author":[{"embeddable":true,"href":"https:\/\/isocrates.org\/fr\/wp-json\/wp\/v2\/users\/1"}],"replies":[{"embeddable":true,"href":"https:\/\/isocrates.org\/fr\/wp-json\/wp\/v2\/comments?post=30419"}],"version-history":[{"count":13,"href":"https:\/\/isocrates.org\/fr\/wp-json\/wp\/v2\/pages\/30419\/revisions"}],"predecessor-version":[{"id":30955,"href":"https:\/\/isocrates.org\/fr\/wp-json\/wp\/v2\/pages\/30419\/revisions\/30955"}],"wp:attachment":[{"href":"https:\/\/isocrates.org\/fr\/wp-json\/wp\/v2\/media?parent=30419"}],"curies":[{"name":"wp","href":"https:\/\/api.w.org\/{rel}","templated":true}]}}