{"id":30412,"date":"2023-10-23T11:45:31","date_gmt":"2023-10-23T09:45:31","guid":{"rendered":"https:\/\/isocrates.org\/?page_id=30412"},"modified":"2023-11-07T15:24:52","modified_gmt":"2023-11-07T14:24:52","slug":"debat-public","status":"publish","type":"page","link":"https:\/\/isocrates.org\/fr\/debat-public\/","title":{"rendered":"D\u00e9bat public"},"content":{"rendered":"<p>[et_pb_section fb_built=\u201c1\u201d use_custom_gutter=\u201con\u201d gutter_width=\u201c4\u201d specialty=\u201con\u201d custom_padding_last_edited=\u201con|tablet\u201d padding_top_2=\u201c0px\u201d padding_top_bottom_link_1=\u201cfalse\u201d padding_top_bottom_link_2=\u201cfalse\u201d padding_left_right_link_1=\u201cfalse\u201d padding_left_right_link_2=\u201cfalse\u201d module_class_1=\u201ccolonne1debate\u201d module_class_2=\u201ccolonne2debate\u201d _builder_version=\u201c4.21.0\u201d _module_preset=\u201cdefault\u201d custom_margin=\u201d||||false|false\u201d custom_margin_tablet=\u201d||||false|false\u201d custom_margin_phone=\u201d||||false|false\u201d custom_margin_last_edited=\u201con|phone\u201d custom_padding=\u201c45px|||||\u201d custom_padding_tablet=\u201c40px||||false|false\u201d custom_padding_phone=\u201c40px||||false|false\u201d global_colors_info=\u201d{}\u201d][et_pb_column type=\u201c1_2\u201d specialty_columns=\u201c2\u201d _builder_version=\u201c4.16\u201d custom_padding=\u201d|||\u201d global_colors_info=\u201d{}\u201d custom_padding__hover=\u201d|||\u201d][et_pb_row_inner custom_padding_last_edited=\u201con|phone\u201d _builder_version=\u201c4.21.0\u201d _module_preset=\u201cdefault\u201d custom_margin=\u201c0px||0px||false|false\u201d custom_padding=\u201c0px||75px||false|false\u201d custom_padding_tablet=\u201c0px||75px||false|false\u201d custom_padding_phone=\u201d||0px||false|false\u201d global_colors_info=\u201d{}\u201d][et_pb_column_inner saved_specialty_column_type=\u201c1_2\u201d _builder_version=\u201c4.21.0\u201d _module_preset=\u201cdefault\u201d global_colors_info=\u201d{}\u201d][et_pb_text _builder_version=\u201c4.21.0\u201d _module_preset=\u201cdefault\u201d global_colors_info=\u201d{}\u201d]<\/p>\n<h4>D\u00e9bat public<\/h4>\n<p>[\/et_pb_text][\/et_pb_column_inner][\/et_pb_row_inner][et_pb_row_inner disabled_on=\u201con|on|off\u201d _builder_version=\u201c4.21.0\u201d _module_preset=\u201cdefault\u201d custom_margin=\u201c0px|0px|50px|0px|false|false\u201d custom_padding=\u201c0px|0px|0px|0px|false|false\u201d locked=\u201coff\u201d global_colors_info=\u201d{}\u201d][et_pb_column_inner saved_specialty_column_type=\u201c1_2\u201d _builder_version=\u201c4.21.0\u201d _module_preset=\u201cdefault\u201d background_color=\u201d#eaeaea\u201d custom_padding=\u201c40px|40px|40px|40px|true|true\u201d global_colors_info=\u201d{}\u201d][et_pb_text _builder_version=\u201c4.21.0\u201d _module_preset=\u201cdefault\u201d background_enable_color=\u201coff\u201d custom_padding=\u201d||||false|false\u201d global_colors_info=\u201d{}\u201d]<\/p>\n<h3>Journalisme d\u2019Int\u00e9r\u00eat Public<\/h3>\n<p>[\/et_pb_text][et_pb_button button_url=\u201d@ET-DC@eyJkeW5hbWljIjp0cnVlLCJjb250ZW50IjoicG9zdF9saW5rX3VybF9wYWdlIiwic2V0dGluZ3MiOnsicG9zdF9pZCI6IjI4OTEyIn19@\u201d button_text=\u201cEn savoir plus\u201d button_alignment=\u201cleft\u201d button_alignment_tablet=\u201cright\u201d button_alignment_phone=\u201cright\u201d button_alignment_last_edited=\u201coff|desktop\u201d _builder_version=\u201c4.21.0\u201d _dynamic_attributes=\u201cbutton_url\u201d _module_preset=\u201cdefault\u201d transform_translate_linked=\u201coff\u201d custom_margin=\u201d|0px|||false|false\u201d custom_padding=\u201d||||false|false\u201d global_colors_info=\u201d{}\u201d][\/et_pb_button][\/et_pb_column_inner][\/et_pb_row_inner][et_pb_row_inner disabled_on=\u201con|on|off\u201d _builder_version=\u201c4.21.0\u201d _module_preset=\u201cdefault\u201d custom_margin=\u201c0px|0px|50px|0px|false|false\u201d custom_padding=\u201c0px|0px|0px|0px|false|false\u201d global_colors_info=\u201d{}\u201d][et_pb_column_inner saved_specialty_column_type=\u201c1_2\u201d _builder_version=\u201c4.21.0\u201d _module_preset=\u201cdefault\u201d background_color=\u201d#eaeaea\u201d custom_padding=\u201c40px|40px|40px|40px|true|true\u201d global_colors_info=\u201d{}\u201d][et_pb_text _builder_version=\u201c4.21.0\u201d _module_preset=\u201cdefault\u201d background_enable_color=\u201coff\u201d custom_padding=\u201d||||false|false\u201d global_colors_info=\u201d{}\u201d]<\/p>\n<h3>Espace Public Num\u00e9rique Responsable<\/h3>\n<p>[\/et_pb_text][et_pb_button button_url=\u201d@ET-DC@eyJkeW5hbWljIjp0cnVlLCJjb250ZW50IjoicG9zdF9saW5rX3VybF9wYWdlIiwic2V0dGluZ3MiOnsicG9zdF9pZCI6IjI4OTE2In19@\u201d button_text=\u201cEn savoir plus\u201d button_alignment=\u201cleft\u201d button_alignment_tablet=\u201cright\u201d button_alignment_phone=\u201cright\u201d button_alignment_last_edited=\u201coff|desktop\u201d _builder_version=\u201c4.21.0\u201d _dynamic_attributes=\u201cbutton_url\u201d _module_preset=\u201cdefault\u201d transform_translate_linked=\u201coff\u201d custom_margin=\u201d|0px|||false|false\u201d custom_padding=\u201d||||false|false\u201d global_colors_info=\u201d{}\u201d][\/et_pb_button][\/et_pb_column_inner][\/et_pb_row_inner][\/et_pb_column][et_pb_column type=\u201c1_2\u201d _builder_version=\u201c4.16\u201d custom_padding=\u201d|||\u201d global_colors_info=\u201d{}\u201d custom_padding__hover=\u201d|||\u201d][et_pb_text _builder_version=\u201c4.21.0\u201d _module_preset=\u201cdefault\u201d custom_margin=\u201d||30px||false|false\u201d custom_margin_tablet=\u201d-35px||||false|false\u201d custom_margin_phone=\u201d||||false|false\u201d custom_margin_last_edited=\u201con|phone\u201d custom_padding=\u201d||||false|false\u201d global_colors_info=\u201d{}\u201d]<\/p>\n<h1>Sauvegarder le d\u00e9bat public, sa qualit\u00e9 et sa possibilit\u00e9<\/h1>\n<p>[\/et_pb_text][et_pb_text _builder_version=\u201c4.21.0\u201d _module_preset=\u201cdefault\u201d custom_margin=\u201d||0px||false|false\u201d custom_padding=\u201d||25px||false|false\u201d global_colors_info=\u201d{}\u201d]<\/p>\n<p><strong>Le d\u00e9bat pub\u00adlic est essen\u00adtiel \u00e0 une d\u00e9moc\u00adra\u00adtie saine et dynamique. En per\u00adme\u00adt\u00adtant aux citoyens et \u00e0 la soci\u00e9t\u00e9 dans son ensem\u00adble de se r\u00e9u\u00adnir, de partager des id\u00e9es et de dia\u00adloguer, il favorise l\u2019\u00e9change de per\u00adspec\u00adtives divers\u00ades et la for\u00adma\u00adtion d\u2019opin\u00adions \u00e9clair\u00e9es pour d\u00e9finir col\u00adlec\u00adtive\u00adment l\u2019int\u00e9r\u00eat g\u00e9n\u00e9ral, et ren\u00adforce la capac\u00adit\u00e9 des citoyens \u00e0 tenir leurs dirigeants respon\u00ads\u00adables.<\/strong><\/p>\n<p>[\/et_pb_text][et_pb_text _builder_version=\u201c4.23\u201d _module_preset=\u201cdefault\u201d ul_font=\u201cLato|300|||||||\u201d ul_font_size=\u201c18px\u201d hover_enabled=\u201c0\u201d global_colors_info=\u201d{}\u201d sticky_enabled=\u201c0\u201d]Cependant, le d\u00e9bat pub\u00adlic est con\u00adfron\u00adt\u00e9 \u00e0 une s\u00e9rie de d\u00e9fis et de dan\u00adgers inter\u00adcon\u00adnec\u00adt\u00e9s, exac\u00ader\u00adb\u00e9s par la rapi\u00adde num\u00e9ri\u00adsa\u00adtion de la soci\u00e9t\u00e9, tels que la pro\u00adlif\u00e9ra\u00adtion de la d\u00e9s\u00adin\u00adfor\u00adma\u00adtion, la mon\u00adt\u00e9e de la vio\u00adlence en ligne et hors ligne, le d\u00e9clin de la con\u00adfi\u00adance dans les insti\u00adtu\u00adtions d\u00e9moc\u00adra\u00adtiques, ain\u00adsi que la frag\u00admen\u00adta\u00adtion et la polar\u00adi\u00adsa\u00adtion des opin\u00adions, cr\u00e9ant un ter\u00adreau prop\u00adice au pop\u00adulisme et \u00e0 l\u2019ex\u00adtr\u00e9misme.<\/p>\n<p>\u00c9gale\u00adment facil\u00adit\u00e9es par les tech\u00adnolo\u00adgies num\u00e9riques, des restric\u00adtions crois\u00adsantes de l\u2019e\u00adspace de la soci\u00e9t\u00e9 civile et le dur\u00adcisse\u00adment des lois sur les m\u00e9dias sont observ\u00e9s dans de nom\u00adbreuses d\u00e9moc\u00adra\u00adties en recul et r\u00e9gimes autori\u00adtaires, entra\u00ee\u00adnant une mon\u00adt\u00e9e de la pro\u00adpa\u00adgande, de la sur\u00adveil\u00adlance et de la cen\u00adsure.<\/p>\n<p>Com\u00adbin\u00e9es, ces ten\u00addances qui s\u2019in\u00adten\u00adsi\u00adfient men\u00ada\u00adcent non seule\u00adment la qual\u00adit\u00e9 du d\u00e9bat pub\u00adlic, mais sa pos\u00adsi\u00adbil\u00adit\u00e9 m\u00eame. En r\u00e9ponse, pour pro\u00admou\u00advoir un d\u00e9bat pub\u00adlic ouvert et con\u00adstruc\u00adtif qui encour\u00adage la com\u00adpr\u00e9hen\u00adsion et le dia\u00adlogue plut\u00f4t que la divi\u00adsion et le con\u00adflit, la Fon\u00adda\u00adtion s\u2019en\u00adgage \u00e0:<br>\n<br><\/p>\n<ul>\n<li>Soutenir le r\u00f4le pri\u00admor\u00addial du <strong><a href=\"https:\/\/isocrates.org\/fr\/journalisme-d-interet-public\/\">jour\u00adnal\u00adisme d\u2019in\u00adt\u00e9r\u00eat pub\u00adlic<\/a><\/strong> de stim\u00aduler et fa\u00e7on\u00adner le d\u00e9bat pub\u00adlic;<\/li>\n<li>Ren\u00adforcer les organ\u00adi\u00adsa\u00adtions de la soci\u00e9t\u00e9 civile dans leurs efforts pour cr\u00e9er un <strong><a href=\"https:\/\/isocrates.org\/fr\/espace-public-numerique-responsable\/\">espace pub\u00adlic num\u00e9rique respon\u00ads\u00adable<\/a><\/strong> qui per\u00adme\u00adtte un d\u00e9bat pub\u00adlic s\u00fbr, \u00e9quitable et inclusif dans la sph\u00e8re dig\u00adi\u00adtale.<\/li>\n<\/ul>\n<p>[\/et_pb_text][\/et_pb_column][\/et_pb_section][et_pb_section fb_built=\u201c1\u201d disabled_on=\u201coff|off|on\u201d _builder_version=\u201c4.21.0\u201d _module_preset=\u201cdefault\u201d width=\u201c80%\u201d module_alignment=\u201ccenter\u201d custom_padding=\u201c2px|||||\u201d global_colors_info=\u201d{}\u201d][et_pb_row _builder_version=\u201c4.21.0\u201d _module_preset=\u201cdefault\u201d width=\u201c100%\u201d module_alignment=\u201ccenter\u201d custom_margin=\u201c0px|0px|50px|0px|false|false\u201d custom_padding=\u201c0px|0px|0px|0px|false|false\u201d locked=\u201coff\u201d global_colors_info=\u201d{}\u201d][et_pb_column type=\u201c4_4\u201d _builder_version=\u201c4.21.0\u201d _module_preset=\u201cdefault\u201d background_color=\u201d#eaeaea\u201d custom_padding=\u201c40px|40px|40px|40px|true|true\u201d global_colors_info=\u201d{}\u201d][et_pb_text _builder_version=\u201c4.21.0\u201d _module_preset=\u201cdefault\u201d background_enable_color=\u201coff\u201d custom_padding=\u201d||||false|false\u201d global_colors_info=\u201d{}\u201d]<\/p>\n<h3>Journalisme d\u2019Int\u00e9r\u00eat Public<\/h3>\n<p>[\/et_pb_text][et_pb_button button_url=\u201d@ET-DC@eyJkeW5hbWljIjp0cnVlLCJjb250ZW50IjoicG9zdF9saW5rX3VybF9wYWdlIiwic2V0dGluZ3MiOnsicG9zdF9pZCI6IjI4OTEyIn19@\u201d button_text=\u201cEn savoir plus\u201d button_alignment=\u201cleft\u201d button_alignment_tablet=\u201cright\u201d button_alignment_phone=\u201cright\u201d button_alignment_last_edited=\u201coff|desktop\u201d _builder_version=\u201c4.21.0\u201d _dynamic_attributes=\u201cbutton_url\u201d _module_preset=\u201cdefault\u201d transform_translate_linked=\u201coff\u201d custom_margin=\u201d|0px|||false|false\u201d custom_padding=\u201d||||false|false\u201d global_colors_info=\u201d{}\u201d][\/et_pb_button][\/et_pb_column][\/et_pb_row][et_pb_row _builder_version=\u201c4.21.0\u201d _module_preset=\u201cdefault\u201d width=\u201c100%\u201d module_alignment=\u201ccenter\u201d custom_margin=\u201c0px|0px|50px|0px|false|false\u201d custom_padding=\u201c0px|0px|0px|0px|false|false\u201d global_colors_info=\u201d{}\u201d][et_pb_column type=\u201c4_4\u201d _builder_version=\u201c4.21.0\u201d _module_preset=\u201cdefault\u201d background_color=\u201d#eaeaea\u201d custom_padding=\u201c40px|40px|40px|40px|true|true\u201d global_colors_info=\u201d{}\u201d][et_pb_text _builder_version=\u201c4.21.0\u201d _module_preset=\u201cdefault\u201d background_enable_color=\u201coff\u201d custom_padding=\u201d||||false|false\u201d global_colors_info=\u201d{}\u201d]<\/p>\n<h3>Espace Public Num\u00e9rique Responsable<\/h3>\n<p>[\/et_pb_text][et_pb_button button_url=\u201d@ET-DC@eyJkeW5hbWljIjp0cnVlLCJjb250ZW50IjoicG9zdF9saW5rX3VybF9wYWdlIiwic2V0dGluZ3MiOnsicG9zdF9pZCI6IjI4OTE2In19@\u201d button_text=\u201cEn savoir plus\u201d button_alignment=\u201cleft\u201d button_alignment_tablet=\u201cright\u201d button_alignment_phone=\u201cright\u201d button_alignment_last_edited=\u201coff|desktop\u201d _builder_version=\u201c4.21.0\u201d _dynamic_attributes=\u201cbutton_url\u201d _module_preset=\u201cdefault\u201d transform_translate_linked=\u201coff\u201d custom_margin=\u201d|0px|||false|false\u201d custom_padding=\u201d||||false|false\u201d global_colors_info=\u201d{}\u201d][\/et_pb_button][\/et_pb_column][\/et_pb_row][\/et_pb_section]<\/p>\n","protected":false},"excerpt":{"rendered":"<p>D\u00e9bat pub\u00adlicJour\u00adnal\u00adisme d\u2019In\u00adt\u00e9r\u00eat Pub\u00adlicE\u00adspace Pub\u00adlic Num\u00e9rique Respon\u00ads\u00adable\u00adSauve\u00adg\u00adarder le d\u00e9bat pub\u00adlic, sa qual\u00adit\u00e9 et sa pos\u00adsi\u00adbil\u00adit\u00e9Le d\u00e9bat pub\u00adlic est essen\u00adtiel \u00e0 une d\u00e9moc\u00adra\u00adtie saine et dynamique. En per\u00adme\u00adt\u00adtant aux citoyens et \u00e0 la soci\u00e9t\u00e9 dans son ensem\u00adble de se r\u00e9u\u00adnir, de partager des id\u00e9es et de dia\u00adloguer, il favorise l\u2019\u00e9change de per\u00adspec\u00adtives divers\u00ades et la for\u00adma\u00adtion [\u2026]<\/p>\n","protected":false},"author":1,"featured_media":0,"parent":0,"menu_order":0,"comment_status":"closed","ping_status":"closed","template":"","meta":{"_et_pb_use_builder":"on","_et_pb_old_content":"","_et_gb_content_width":"","inline_featured_image":false,"wp_typography_post_enhancements_disabled":false,"footnotes":""},"class_list":["post-30412","page","type-page","status-publish","hentry"],"yoast_head":"<!-- This site is optimized with the Yoast SEO plugin v27.3 - https:\/\/yoast.com\/product\/yoast-seo-wordpress\/ -->\n<title>D\u00e9bat public - Isocrates Foundation<\/title>\n<meta name=\"description\" content=\"Le d\u00e9bat public est essentiel \u00e0 une d\u00e9mocratie saine et dynamique.\" \/>\n<meta name=\"robots\" content=\"index, follow, max-snippet:-1, max-image-preview:large, max-video-preview:-1\" \/>\n<link rel=\"canonical\" href=\"https:\/\/isocrates.org\/fr\/debat-public\/\" \/>\n<meta property=\"og:locale\" content=\"fr_FR\" \/>\n<meta property=\"og:type\" content=\"article\" \/>\n<meta property=\"og:title\" content=\"D\u00e9bat public - Isocrates Foundation\" \/>\n<meta property=\"og:description\" content=\"Le d\u00e9bat public est essentiel \u00e0 une d\u00e9mocratie saine et dynamique.\" \/>\n<meta property=\"og:url\" content=\"https:\/\/isocrates.org\/fr\/debat-public\/\" \/>\n<meta property=\"og:site_name\" content=\"Isocrates Foundation\" \/>\n<meta property=\"article:modified_time\" content=\"2023-11-07T14:24:52+00:00\" \/>\n<meta name=\"twitter:card\" content=\"summary_large_image\" \/>\n<meta name=\"twitter:label1\" content=\"Dur\u00e9e de lecture estim\u00e9e\" \/>\n\t<meta name=\"twitter:data1\" content=\"3 minutes\" \/>\n<script type=\"application\/ld+json\" class=\"yoast-schema-graph\">{\"@context\":\"https:\\\/\\\/schema.org\",\"@graph\":[{\"@type\":\"WebPage\",\"@id\":\"https:\\\/\\\/isocrates.org\\\/fr\\\/debat-public\\\/\",\"url\":\"https:\\\/\\\/isocrates.org\\\/fr\\\/debat-public\\\/\",\"name\":\"D\u00e9bat public - Isocrates Foundation\",\"isPartOf\":{\"@id\":\"https:\\\/\\\/isocrates.org\\\/#website\"},\"datePublished\":\"2023-10-23T09:45:31+00:00\",\"dateModified\":\"2023-11-07T14:24:52+00:00\",\"description\":\"Le d\u00e9bat public est essentiel \u00e0 une d\u00e9mocratie saine et dynamique.\",\"breadcrumb\":{\"@id\":\"https:\\\/\\\/isocrates.org\\\/fr\\\/debat-public\\\/#breadcrumb\"},\"inLanguage\":\"fr-FR\",\"potentialAction\":[{\"@type\":\"ReadAction\",\"target\":[\"https:\\\/\\\/isocrates.org\\\/fr\\\/debat-public\\\/\"]}]},{\"@type\":\"BreadcrumbList\",\"@id\":\"https:\\\/\\\/isocrates.org\\\/fr\\\/debat-public\\\/#breadcrumb\",\"itemListElement\":[{\"@type\":\"ListItem\",\"position\":1,\"name\":\"Accueil\",\"item\":\"https:\\\/\\\/isocrates.org\\\/fr\\\/\"},{\"@type\":\"ListItem\",\"position\":2,\"name\":\"D\u00e9bat public\"}]},{\"@type\":\"WebSite\",\"@id\":\"https:\\\/\\\/isocrates.org\\\/#website\",\"url\":\"https:\\\/\\\/isocrates.org\\\/\",\"name\":\"Foundation Isocrates\",\"description\":\"The Isocrates Foundation is an independent philanthropic foundation, dedicated to the protection and promotion of public debate\",\"publisher\":{\"@id\":\"https:\\\/\\\/isocrates.org\\\/#organization\"},\"potentialAction\":[{\"@type\":\"SearchAction\",\"target\":{\"@type\":\"EntryPoint\",\"urlTemplate\":\"https:\\\/\\\/isocrates.org\\\/?s={search_term_string}\"},\"query-input\":{\"@type\":\"PropertyValueSpecification\",\"valueRequired\":true,\"valueName\":\"search_term_string\"}}],\"inLanguage\":\"fr-FR\"},{\"@type\":\"Organization\",\"@id\":\"https:\\\/\\\/isocrates.org\\\/#organization\",\"name\":\"Foundation Isocrates\",\"url\":\"https:\\\/\\\/isocrates.org\\\/\",\"logo\":{\"@type\":\"ImageObject\",\"inLanguage\":\"fr-FR\",\"@id\":\"https:\\\/\\\/isocrates.org\\\/#\\\/schema\\\/logo\\\/image\\\/\",\"url\":\"https:\\\/\\\/isocrates.org\\\/wp-content\\\/uploads\\\/2023\\\/05\\\/fondation-isocrate-logo.svg\",\"contentUrl\":\"https:\\\/\\\/isocrates.org\\\/wp-content\\\/uploads\\\/2023\\\/05\\\/fondation-isocrate-logo.svg\",\"width\":\"1024\",\"height\":\"1024\",\"caption\":\"Foundation Isocrates\"},\"image\":{\"@id\":\"https:\\\/\\\/isocrates.org\\\/#\\\/schema\\\/logo\\\/image\\\/\"}}]}<\/script>\n<!-- \/ Yoast SEO plugin. -->","yoast_head_json":{"title":"D\u00e9bat public - Isocrates Foundation","description":"Le d\u00e9bat public est essentiel \u00e0 une d\u00e9mocratie saine et dynamique.","robots":{"index":"index","follow":"follow","max-snippet":"max-snippet:-1","max-image-preview":"max-image-preview:large","max-video-preview":"max-video-preview:-1"},"canonical":"https:\/\/isocrates.org\/fr\/debat-public\/","og_locale":"fr_FR","og_type":"article","og_title":"D\u00e9bat public - Isocrates Foundation","og_description":"Le d\u00e9bat public est essentiel \u00e0 une d\u00e9mocratie saine et dynamique.","og_url":"https:\/\/isocrates.org\/fr\/debat-public\/","og_site_name":"Isocrates Foundation","article_modified_time":"2023-11-07T14:24:52+00:00","twitter_card":"summary_large_image","twitter_misc":{"Dur\u00e9e de lecture estim\u00e9e":"3 minutes"},"schema":{"@context":"https:\/\/schema.org","@graph":[{"@type":"WebPage","@id":"https:\/\/isocrates.org\/fr\/debat-public\/","url":"https:\/\/isocrates.org\/fr\/debat-public\/","name":"D\u00e9bat public - Isocrates Foundation","isPartOf":{"@id":"https:\/\/isocrates.org\/#website"},"datePublished":"2023-10-23T09:45:31+00:00","dateModified":"2023-11-07T14:24:52+00:00","description":"Le d\u00e9bat public est essentiel \u00e0 une d\u00e9mocratie saine et dynamique.","breadcrumb":{"@id":"https:\/\/isocrates.org\/fr\/debat-public\/#breadcrumb"},"inLanguage":"fr-FR","potentialAction":[{"@type":"ReadAction","target":["https:\/\/isocrates.org\/fr\/debat-public\/"]}]},{"@type":"BreadcrumbList","@id":"https:\/\/isocrates.org\/fr\/debat-public\/#breadcrumb","itemListElement":[{"@type":"ListItem","position":1,"name":"Accueil","item":"https:\/\/isocrates.org\/fr\/"},{"@type":"ListItem","position":2,"name":"D\u00e9bat public"}]},{"@type":"WebSite","@id":"https:\/\/isocrates.org\/#website","url":"https:\/\/isocrates.org\/","name":"Foundation Isocrates","description":"The Isocrates Foundation is an independent philanthropic foundation, dedicated to the protection and promotion of public debate","publisher":{"@id":"https:\/\/isocrates.org\/#organization"},"potentialAction":[{"@type":"SearchAction","target":{"@type":"EntryPoint","urlTemplate":"https:\/\/isocrates.org\/?s={search_term_string}"},"query-input":{"@type":"PropertyValueSpecification","valueRequired":true,"valueName":"search_term_string"}}],"inLanguage":"fr-FR"},{"@type":"Organization","@id":"https:\/\/isocrates.org\/#organization","name":"Foundation Isocrates","url":"https:\/\/isocrates.org\/","logo":{"@type":"ImageObject","inLanguage":"fr-FR","@id":"https:\/\/isocrates.org\/#\/schema\/logo\/image\/","url":"https:\/\/isocrates.org\/wp-content\/uploads\/2023\/05\/fondation-isocrate-logo.svg","contentUrl":"https:\/\/isocrates.org\/wp-content\/uploads\/2023\/05\/fondation-isocrate-logo.svg","width":"1024","height":"1024","caption":"Foundation Isocrates"},"image":{"@id":"https:\/\/isocrates.org\/#\/schema\/logo\/image\/"}}]}},"_links":{"self":[{"href":"https:\/\/isocrates.org\/fr\/wp-json\/wp\/v2\/pages\/30412","targetHints":{"allow":["GET"]}}],"collection":[{"href":"https:\/\/isocrates.org\/fr\/wp-json\/wp\/v2\/pages"}],"about":[{"href":"https:\/\/isocrates.org\/fr\/wp-json\/wp\/v2\/types\/page"}],"author":[{"embeddable":true,"href":"https:\/\/isocrates.org\/fr\/wp-json\/wp\/v2\/users\/1"}],"replies":[{"embeddable":true,"href":"https:\/\/isocrates.org\/fr\/wp-json\/wp\/v2\/comments?post=30412"}],"version-history":[{"count":36,"href":"https:\/\/isocrates.org\/fr\/wp-json\/wp\/v2\/pages\/30412\/revisions"}],"predecessor-version":[{"id":30910,"href":"https:\/\/isocrates.org\/fr\/wp-json\/wp\/v2\/pages\/30412\/revisions\/30910"}],"wp:attachment":[{"href":"https:\/\/isocrates.org\/fr\/wp-json\/wp\/v2\/media?parent=30412"}],"curies":[{"name":"wp","href":"https:\/\/api.w.org\/{rel}","templated":true}]}}